{"id":3409,"date":"2022-11-22T17:11:52","date_gmt":"2022-11-22T15:11:52","guid":{"rendered":"https:\/\/www.fanbase.es\/?page_id=3409"},"modified":"2024-10-25T07:35:37","modified_gmt":"2024-10-25T05:35:37","slug":"politique-en-matiere-de-cookies","status":"publish","type":"page","link":"https:\/\/www.fanbase.es\/fr\/politique-en-matiere-de-cookies\/","title":{"rendered":"Politique en mati\u00e8re de cookies"},"content":{"rendered":"<p><strong>INFORMATION SUR LES COOKIES:<\/strong> Les cookies sont des fichiers qui peuvent \u00eatre t\u00e9l\u00e9charg\u00e9s sur votre appareil via des pages web. Ce sont des outils qui jouent un r\u00f4le essentiel dans la prestation de nombreux services de la soci\u00e9t\u00e9 de l&rsquo;information. Entre autres, ils permettent \u00e0 une page web de stocker et de r\u00e9cup\u00e9rer des informations sur les habitudes de navigation d&rsquo;un utilisateur ou de son \u00e9quipement et, selon les informations obtenues, ils peuvent \u00eatre utilis\u00e9s pour reconna\u00eetre l&rsquo;utilisateur et am\u00e9liorer le service offert.<\/p>\n<p><strong>TYPES DE COOKIES:<\/strong> Selon l&rsquo;entit\u00e9 qui g\u00e8re le domaine \u00e0 partir duquel les cookies sont envoy\u00e9s et traite les donn\u00e9es obtenues, on peut distinguer deux types de cookies : les cookies propres et les cookies tiers. Il existe \u00e9galement une deuxi\u00e8me classification bas\u00e9e sur la dur\u00e9e pendant laquelle les cookies restent stock\u00e9s dans le navigateur du client, pouvant s&rsquo;agir de cookies de session ou de cookies persistants. Enfin, il existe une autre classification avec cinq types de cookies en fonction de la finalit\u00e9 pour laquelle les donn\u00e9es obtenues sont trait\u00e9es : cookies techniques, cookies de personnalisation, cookies d&rsquo;analyse, cookies publicitaires et cookies de publicit\u00e9 comportementale.<\/p>\n<p><strong>COOKIES UTILIS\u00c9S SUR LE SITE WEB :<\/strong> Ci-apr\u00e8s, les cookies utilis\u00e9s sur ce portail ainsi que leur typologie et fonction sont identifi\u00e9s : Un cookie propre de type technique appel\u00e9 PHPSESSID, n\u00e9cessaire \u00e0 la navigation correcte sur les pages web. Cookies de Google Analytics, un service d&rsquo;analyse web d\u00e9velopp\u00e9 par Google, qui permet de mesurer et d&rsquo;analyser la navigation sur les pages web. Dans votre navigateur, vous pourrez observer 4 cookies provenant de ce service. Selon la typologie pr\u00e9c\u00e9dente, il s&rsquo;agit de cookies propres, de session et d&rsquo;analyse. Vous pouvez trouver plus d&rsquo;informations \u00e0 ce sujet et d\u00e9sactiver l&rsquo;utilisation de ces cookies ici : <a href=\"http:\/\/www.google.es\/intl\/es_ALL\/analytics\/learn\/privacy.html\" target=\"_new\" rel=\"noopener nofollow\">http:\/\/www.google.es\/intl\/fr_ALL\/analytics\/learn\/privacy.html<\/a>. L&rsquo;analyse web ne permet pas d&rsquo;obtenir des informations sur vos donn\u00e9es personnelles, garantissant ainsi la protection de la vie priv\u00e9e des personnes naviguant sur le web. Les informations obtenues concernent le nombre d&rsquo;utilisateurs acc\u00e9dant au site web, le nombre de pages vues, la fr\u00e9quence et la r\u00e9p\u00e9tition des visites, leur dur\u00e9e, le navigateur utilis\u00e9, l&rsquo;op\u00e9rateur fournissant le service, la langue, le terminal utilis\u00e9, ou la ville \u00e0 laquelle est associ\u00e9e votre adresse IP. Ces informations permettent d&rsquo;offrir un meilleur et plus adapt\u00e9 service de ce portail.<\/p>\n<p><strong>COMMENT MODIFIER LES PARAM\u00c8TRES DES COOKIES :<\/strong> Vous pouvez restreindre, bloquer ou supprimer les cookies de ce site ou de toute autre page web, en utilisant votre navigateur. La proc\u00e9dure est diff\u00e9rente pour chaque navigateur, la fonction d&rsquo;Aide vous montrera comment faire.<\/p>\n<ul>\n<li><strong>Internet Explorer :<\/strong> <a href=\"http:\/\/windows.microsoft.com\/es-xl\/internet-explorer\/delete-manage-cookies#ie=%C2%BBie-10%E2%80%B3\" target=\"_new\" rel=\"noopener nofollow\">http:\/\/windows.microsoft.com\/fr-xl\/internet-explorer\/delete-manage-cookies#ie=\u00bbie-10\u2033<\/a><\/li>\n<li><strong>FireFox :<\/strong> <a href=\"https:\/\/support.mozilla.org\/es\/kb\/Borrar%20cookies\" target=\"_new\" rel=\"noopener nofollow\">https:\/\/support.mozilla.org\/fr\/kb\/Supprimer%20les%20cookies<\/a><\/li>\n<li><strong>Chrome :<\/strong> <a target=\"_new\" rel=\"noopener\">https:\/\/support.google.com\/chrome\/answer\/95647?hl=\u00bbfr\u00bb<\/a><\/li>\n<\/ul>\n","protected":false},"excerpt":{"rendered":"<p>INFORMATION SUR LES COOKIES: Les cookies sont des fichiers qui peuvent \u00eatre t\u00e9l\u00e9charg\u00e9s sur votre appareil via des pages web. Ce sont des outils qui jouent un r\u00f4le essentiel dans la prestation de nombreux services de la soci\u00e9t\u00e9 de l&rsquo;information. Entre autres, ils permettent \u00e0 une page web de stocker et de r\u00e9cup\u00e9rer des informations [&hellip;]<\/p>\n","protected":false},"author":1024,"featured_media":0,"parent":0,"menu_order":0,"comment_status":"closed","ping_status":"closed","template":"","meta":{"site-sidebar-layout":"default","site-content-layout":"default","ast-site-content-layout":"default","site-content-style":"default","site-sidebar-style":"default","ast-global-header-display":"","ast-banner-title-visibility":"","ast-main-header-display":"","ast-hfb-above-header-display":"","ast-hfb-below-header-display":"","ast-hfb-mobile-header-display":"","site-post-title":"","ast-breadcrumbs-content":"","ast-featured-img":"","footer-sml-layout":"","ast-disable-related-posts":"","theme-transparent-header-meta":"default","adv-header-id-meta":"","stick-header-meta":"","header-above-stick-meta":"","header-main-stick-meta":"","header-below-stick-meta":"","astra-migrate-meta-layouts":"set","ast-page-background-enabled":"default","ast-page-background-meta":{"desktop":{"background-color":"var(--ast-global-color-4)","background-image":"","background-repeat":"repeat","background-position":"center center","background-size":"auto","background-attachment":"scroll","background-type":"","background-media":"","overlay-type":"","overlay-color":"","overlay-opacity":"","overlay-gradient":""},"tablet":{"background-color":"","background-image":"","background-repeat":"repeat","background-position":"center center","background-size":"auto","background-attachment":"scroll","background-type":"","background-media":"","overlay-type":"","overlay-color":"","overlay-opacity":"","overlay-gradient":""},"mobile":{"background-color":"","background-image":"","background-repeat":"repeat","background-position":"center center","background-size":"auto","background-attachment":"scroll","background-type":"","background-media":"","overlay-type":"","overlay-color":"","overlay-opacity":"","overlay-gradient":""}},"ast-content-background-meta":{"desktop":{"background-color":"var(--ast-global-color-5)","background-image":"","background-repeat":"repeat","background-position":"center center","background-size":"auto","background-attachment":"scroll","background-type":"","background-media":"","overlay-type":"","overlay-color":"","overlay-opacity":"","overlay-gradient":""},"tablet":{"background-color":"var(--ast-global-color-5)","background-image":"","background-repeat":"repeat","background-position":"center center","background-size":"auto","background-attachment":"scroll","background-type":"","background-media":"","overlay-type":"","overlay-color":"","overlay-opacity":"","overlay-gradient":""},"mobile":{"background-color":"var(--ast-global-color-5)","background-image":"","background-repeat":"repeat","background-position":"center center","background-size":"auto","background-attachment":"scroll","background-type":"","background-media":"","overlay-type":"","overlay-color":"","overlay-opacity":"","overlay-gradient":""}},"footnotes":""},"class_list":["post-3409","page","type-page","status-publish","hentry"],"_links":{"self":[{"href":"https:\/\/www.fanbase.es\/fr\/wp-json\/wp\/v2\/pages\/3409","targetHints":{"allow":["GET"]}}],"collection":[{"href":"https:\/\/www.fanbase.es\/fr\/wp-json\/wp\/v2\/pages"}],"about":[{"href":"https:\/\/www.fanbase.es\/fr\/wp-json\/wp\/v2\/types\/page"}],"author":[{"embeddable":true,"href":"https:\/\/www.fanbase.es\/fr\/wp-json\/wp\/v2\/users\/1024"}],"replies":[{"embeddable":true,"href":"https:\/\/www.fanbase.es\/fr\/wp-json\/wp\/v2\/comments?post=3409"}],"version-history":[{"count":2,"href":"https:\/\/www.fanbase.es\/fr\/wp-json\/wp\/v2\/pages\/3409\/revisions"}],"predecessor-version":[{"id":3411,"href":"https:\/\/www.fanbase.es\/fr\/wp-json\/wp\/v2\/pages\/3409\/revisions\/3411"}],"wp:attachment":[{"href":"https:\/\/www.fanbase.es\/fr\/wp-json\/wp\/v2\/media?parent=3409"}],"curies":[{"name":"wp","href":"https:\/\/api.w.org\/{rel}","templated":true}]}}